{"id":13,"date":"2020-12-11T23:45:40","date_gmt":"2020-12-11T23:45:40","guid":{"rendered":"http:\/\/sy2021.sushiyens.com\/?page_id=13"},"modified":"2020-12-11T23:45:40","modified_gmt":"2020-12-11T23:45:40","slug":"el-nuevo-umoma-abre-sus-puertas-2","status":"publish","type":"page","link":"https:\/\/sy2021.sushiyens.com\/index.php\/el-nuevo-umoma-abre-sus-puertas-2\/","title":{"rendered":"El Nuevo UMoMA Abre sus Puertas"},"content":{"rendered":"<div class=\"wp-block-group alignwide\"><div class=\"wp-block-group__inner-container\"><h2 class=\"has-text-align-center\">El principal destino para el arte moderno en el Norte de Suecia. Abierto de 10 AM a 6 PM todos los d\u00edas durante los meses de verano.<\/h2><\/div><\/div><div class=\"wp-block-columns alignwide\"><div class=\"wp-block-column\"><div class=\"wp-block-group\"><div class=\"wp-block-group__inner-container\"><figure class=\"wp-block-image alignfull size-full\"><img src=\"https:\/\/sy2021.sushiyens.com\/wp-content\/themes\/twentytwenty\/assets\/images\/2020-three-quarters-1.png\" alt=\"\" class=\"wp-image-37\"\/><\/figure><h3>Trabajos y D\u00edas<\/h3><p>1 de Agosto &#8212; 1 de Diciembre<\/p><div class=\"wp-block-button is-style-outline\"><a class=\"wp-block-button__link\" href=\"https:\/\/make.wordpress.org\/core\/2019\/09\/27\/block-editor-theme-related-updates-in-wordpress-5-3\/\">Leer m\u00e1s<\/a><\/div><\/div><\/div><div class=\"wp-block-group\"><div class=\"wp-block-group__inner-container\"><figure class=\"wp-block-image alignfull size-full\"><img src=\"https:\/\/sy2021.sushiyens.com\/wp-content\/themes\/twentytwenty\/assets\/images\/2020-three-quarters-3.png\" alt=\"\" class=\"wp-image-37\"\/><\/figure><h3>Teatro de Operaciones<\/h3><p>1 de Octubre &#8212; 1 de Diciembre<\/p><div class=\"wp-block-button is-style-outline\"><a class=\"wp-block-button__link\" href=\"https:\/\/make.wordpress.org\/core\/2019\/09\/27\/block-editor-theme-related-updates-in-wordpress-5-3\/\">Leer m\u00e1s<\/a><\/div><\/div><\/div><\/div><div class=\"wp-block-column\"><div class=\"wp-block-group\"><div class=\"wp-block-group__inner-container\"><figure class=\"wp-block-image alignfull size-full\"><img src=\"https:\/\/sy2021.sushiyens.com\/wp-content\/themes\/twentytwenty\/assets\/images\/2020-three-quarters-2.png\" alt=\"\" class=\"wp-image-37\"\/><\/figure><h3>La Vida que Merezco<\/h3><p>1 de Agosto &#8212; 1 de Diciembre<\/p><div class=\"wp-block-button is-style-outline\"><a class=\"wp-block-button__link\" href=\"https:\/\/make.wordpress.org\/core\/2019\/09\/27\/block-editor-theme-related-updates-in-wordpress-5-3\/\">Leer m\u00e1s<\/a><\/div><\/div><\/div><div class=\"wp-block-group\"><div class=\"wp-block-group__inner-container\"><figure class=\"wp-block-image alignfull size-full\"><img src=\"https:\/\/sy2021.sushiyens.com\/wp-content\/themes\/twentytwenty\/assets\/images\/2020-three-quarters-4.png\" alt=\"\" class=\"wp-image-37\"\/><\/figure><h3>Desde Signac a Matisse<\/h3><p>1 de Octubre &#8212; 1 de Diciembre<\/p><div class=\"wp-block-button is-style-outline\"><a class=\"wp-block-button__link\" href=\"https:\/\/make.wordpress.org\/core\/2019\/09\/27\/block-editor-theme-related-updates-in-wordpress-5-3\/\">Leer m\u00e1s<\/a><\/div><\/div><\/div><\/div><\/div><figure class=\"wp-block-image alignfull size-full\"><img src=\"https:\/\/sy2021.sushiyens.com\/wp-content\/themes\/twentytwenty\/assets\/images\/2020-landscape-2.png\" alt=\"\" class=\"wp-image-37\"\/><\/figure><div class=\"wp-block-group alignwide\"><div class=\"wp-block-group__inner-container\"><h2 class=\"has-accent-color has-text-align-center\">\u00abLos c\u00edborgs, como estableci\u00f3 la fil\u00f3sofa Donna Haraway, no son reverentes. No recuerdan el cosmos\u00bb.<\/h2><\/div><\/div><p class=\"has-drop-cap\">Con siete pisos de arquitectura impresionante, UMoMA muestra exposiciones de arte contempor\u00e1neo internacional, a veces junto con retrospectivas hist\u00f3ricas del arte. Los problemas existenciales, pol\u00edticos y filos\u00f3ficos son intr\u00ednsecos a nuestro programa. Como visitante, est\u00e1s invitado a visitas guiadas, charlas de artistas, conferencias, proyecciones de pel\u00edculas y otros eventos con entrada gratuita<\/p><p>Las exposiciones son realizadas por UMoMA en colaboraci\u00f3n con artistas y museos de todo el mundo y, a menudo, atraen la atenci\u00f3n internacional. UMoMA ha recibido una Menci\u00f3n Especial del Museo Europeo del A\u00f1o, y ha sido uno de los principales candidatos al Premio Sueco al Museo del A\u00f1o, as\u00ed como al Premio del Consejo de Europa.<\/p><p><\/p><div class=\"wp-block-group alignwide has-background\" style=\"background-color:#ffffff\"><div class=\"wp-block-group__inner-container\"><div class=\"wp-block-group\"><div class=\"wp-block-group__inner-container\"><h2 class=\"has-text-align-center\">\u00a1Hazte Miembro y Obt\u00e9n Ofertas Exclusivas!<\/h2><p class=\"has-text-align-center\">Los miembros obtienen acceso a exhibiciones y ventas exclusivas. Nuestra membres\u00eda cuesta $99,99 y es facturada anualmente.<\/p><div class=\"wp-block-button aligncenter\"><a class=\"wp-block-button__link\" href=\"https:\/\/make.wordpress.org\/core\/2019\/09\/27\/block-editor-theme-related-updates-in-wordpress-5-3\/\">\u00danete al club<\/a><\/div><\/div><\/div><\/div><\/div><figure class=\"wp-block-gallery alignwide columns-2 is-cropped\"><ul class=\"blocks-gallery-grid\"><li class=\"blocks-gallery-item\"><figure><img src=\"https:\/\/sy2021.sushiyens.com\/wp-content\/themes\/twentytwenty\/assets\/images\/2020-square-2.png\" alt=\"\" data-id=\"39\" data-full-url=\"https:\/\/sy2021.sushiyens.com\/wp-content\/themes\/twentytwenty\/assets\/images\/2020-square-2.png\" data-link=\"assets\/images\/2020-square-2\/\" class=\"wp-image-39\"\/><\/figure><\/li><li class=\"blocks-gallery-item\"><figure><img src=\"https:\/\/sy2021.sushiyens.com\/wp-content\/themes\/twentytwenty\/assets\/images\/2020-square-1.png\" alt=\"\" data-id=\"38\" data-full-url=\"https:\/\/sy2021.sushiyens.com\/wp-content\/themes\/twentytwenty\/assets\/images\/2020-square-1.png\" data-link=\"https:\/\/sy2021.sushiyens.com\/wp-content\/themes\/twentytwenty\/assets\/images\/2020-square-1\/\" class=\"wp-image-38\"\/><\/figure><\/li><\/ul><\/figure>","protected":false},"excerpt":{"rendered":"<p>Con siete pisos de arquitectura impresionante, UMoMA muestra exposiciones de arte contempor\u00e1neo internacional, a veces junto con retrospectivas hist\u00f3ricas del arte. Los problemas existenciales, pol\u00edticos y filos\u00f3ficos son intr\u00ednsecos a nuestro programa. Como visitante, est\u00e1s invitado a visitas guiadas, charlas de artistas, conferencias, proyecciones de pel\u00edculas y otros eventos con entrada gratuita Las exposiciones son &hellip; <\/p>\n","protected":false},"author":1,"featured_media":12,"parent":0,"menu_order":0,"comment_status":"closed","ping_status":"closed","template":"","meta":[],"_links":{"self":[{"href":"https:\/\/sy2021.sushiyens.com\/index.php\/wp-json\/wp\/v2\/pages\/13"}],"collection":[{"href":"https:\/\/sy2021.sushiyens.com\/index.php\/wp-json\/wp\/v2\/pages"}],"about":[{"href":"https:\/\/sy2021.sushiyens.com\/index.php\/wp-json\/wp\/v2\/types\/page"}],"author":[{"embeddable":true,"href":"https:\/\/sy2021.sushiyens.com\/index.php\/wp-json\/wp\/v2\/users\/1"}],"replies":[{"embeddable":true,"href":"https:\/\/sy2021.sushiyens.com\/index.php\/wp-json\/wp\/v2\/comments?post=13"}],"version-history":[{"count":1,"href":"https:\/\/sy2021.sushiyens.com\/index.php\/wp-json\/wp\/v2\/pages\/13\/revisions"}],"predecessor-version":[{"id":18,"href":"https:\/\/sy2021.sushiyens.com\/index.php\/wp-json\/wp\/v2\/pages\/13\/revisions\/18"}],"wp:featuredmedia":[{"embeddable":true,"href":"https:\/\/sy2021.sushiyens.com\/index.php\/wp-json\/wp\/v2\/media\/12"}],"wp:attachment":[{"href":"https:\/\/sy2021.sushiyens.com\/index.php\/wp-json\/wp\/v2\/media?parent=13"}],"curies":[{"name":"wp","href":"https:\/\/api.w.org\/{rel}","templated":true}]}}